{"id":26101,"date":"2020-02-07T17:01:10","date_gmt":"2020-02-07T21:01:10","guid":{"rendered":"https:\/\/keloke-samana.com\/atlantique-sud-2\/"},"modified":"2024-11-29T12:59:44","modified_gmt":"2024-11-29T16:59:44","slug":"atlantique-sud","status":"publish","type":"page","link":"https:\/\/keloke-samana.com\/fr\/inmobiliaria\/atlantique-sud\/","title":{"rendered":"Atlantique Sud"},"content":{"rendered":"<p>[vc_row][vc_column][vc_column_text]<\/p>\n<h1 style=\"text-align: center;\">Atlantique Sud<\/h1>\n<h4 style=\"text-align: center;\">(Agence immobili\u00e8re)<\/h4>\n<p>[\/vc_column_text][\/vc_column][\/vc_row][vc_row][vc_column width=\u00a0\u00bb3\/4&Prime;][vc_column_text]<\/p>\n<h4 style=\"text-align: center;\"><strong>Bienvenue au portefeuille plus complet et \u00e0 jour de propri\u00e9t\u00e9s \u00e0 vendre<br \/>\n<\/strong><strong>\u00e0 Las Terrenas! <\/strong><\/h4>\n<p>[\/vc_column_text][vc_row_inner][vc_column_inner width=\u00a0\u00bb1\/2&Prime;][vc_single_image image=\u00a0\u00bb48980&Prime; img_size=\u00a0\u00bbfull\u00a0\u00bb alignment=\u00a0\u00bbcenter\u00a0\u00bb][\/vc_column_inner][vc_column_inner width=\u00a0\u00bb1\/2&Prime;][vc_column_text]<\/p>\n<p style=\"text-align: justify;\">Atlantique Sud, fond\u00e9e en 2000, est l\u2019une des premi\u00e8res et des plus grandes agences immobili\u00e8res de Las Terrenas.<\/p>\n<p style=\"text-align: justify;\">Depuis de nombreuses ann\u00e9es, elle s\u2019est d\u00e9velopp\u00e9e avec succ\u00e8s et nous avons investi dans de nombreux projets immobiliers dans et autour de Las Terrenas.<br \/>\nAtlantique Sud a \u00e9t\u00e9 le promoteur du projet immobilier exclusif \u00abLes nomades\u00bb. Avec plus de 60 villas construites et des centaines de transactions facilit\u00e9es, cette soci\u00e9t\u00e9 immobili\u00e8re s\u2019est impos\u00e9e comme un leader dans son industrie.<\/p>\n<p style=\"text-align: justify;\">Si vous \u00eates \u00e0 la recherche d\u2019une propri\u00e9t\u00e9 de vacances ou d\u2019un investissement, notre \u00e9quipe de six professionnels fera tout ce qui est en leur pouvoir pour vous offrir un service de la plus haute qualit\u00e9 et trouver la propri\u00e9t\u00e9 de vos r\u00eaves.<\/p>\n<p>[\/vc_column_text][\/vc_column_inner][\/vc_row_inner][vc_column_text]<\/p>\n<ul>\n<li><strong>Site Internet:<\/strong> <a href=\"https:\/\/realestatelasterrenas.com\">https:\/\/realestatelasterrenas.com<\/a><\/li>\n<li>Ventes: <a href=\"https:\/\/fr.realestatelasterrenas.com\/property-for-sale\">https:\/\/fr.realestatelasterrenas.com\/property-for-sale<\/a><\/li>\n<li>Locations: <a href=\"https:\/\/fr.realestatelasterrenas.com\/property-to-rent\">https:\/\/fr.realestatelasterrenas.com\/property-to-rent<\/a><\/li>\n<li>Ressources pour acheteurs:<a href=\"https:\/\/fr.realestatelasterrenas.com\/buyers-guide\"> https:\/\/fr.realestatelasterrenas.com\/buyers-guide<\/a><\/li>\n<li>Plus sur notre agence:<a href=\"https:\/\/fr.realestatelasterrenas.com\/about-us\"> https:\/\/fr.realestatelasterrenas.com\/about-us<\/a><\/li>\n<\/ul>\n<p>[\/vc_column_text][vc_single_image image=\u00a0\u00bb49000&Prime; img_size=\u00a0\u00bbfull\u00a0\u00bb alignment=\u00a0\u00bbcenter\u00a0\u00bb][vc_column_text]<\/p>\n<h3 style=\"text-align: center;\">Trouvez la maison de vos r\u00eaves \u00e0 Las Terrenas depuis 2000!<\/h3>\n<p>[\/vc_column_text][vc_column_text]<\/p>\n<h2 style=\"text-align: center;\">Notre Philosophie<\/h2>\n<p style=\"text-align: center;\"><em>Au service de vos projets et r\u00eaves!<\/em><\/p>\n<h4 style=\"text-align: center;\"><span style=\"color: #59bbd4;\">Services adapt\u00e9s<\/span><\/h4>\n<p style=\"text-align: justify;\">Comprendre vos besoins et buts, en vous pr\u00e9sentant des propri\u00e9t\u00e9s qui vous sont adapt\u00e9es, vous accueillant dans Las Terrenas, visitant les propri\u00e9t\u00e9s ensemble, vous accompagnant tout le long du chemin.<\/p>\n<h4 style=\"text-align: center;\"><span style=\"color: #59bbd4;\">Exp\u00e9riences r\u00e9ussites<\/span><\/h4>\n<p style=\"text-align: justify;\">20 ans d&rsquo;exp\u00e9rience, des douzaines de partenaires, 60 maisons construit et beaucoup plus vendu, notre \u00e9quipe a tous les outilsafin que vous puissiez prendre une d\u00e9cision \u00e9clair\u00e9e et intelligente.<\/p>\n<h4 style=\"text-align: center;\"><span style=\"color: #59bbd4;\">Les meilleurs accords garantis<\/span><\/h4>\n<p style=\"text-align: justify;\">\u00c0 Atlantique Sud, nous vous aidons \u00e0 acheter la propri\u00e9t\u00e9 que vous voulez au meilleur prix possible. Nous avons n\u00e9goci\u00e9 des centaines d&rsquo;accords.<\/p>\n<h4 style=\"text-align: center;\"><span style=\"color: #59bbd4;\">Connaissance local<\/span><\/h4>\n<p style=\"text-align: justify;\">Nous connaissons les conditions locales du march\u00e9, les lois immobili\u00e8res dominicaines et imp\u00f4ts, nous avons des partenaires de financement, assurances, etc.<\/p>\n<p style=\"text-align: justify;\">Si vous cherchez \u00e0 acheter \u00e0 Las Terrenas, que ce soit pour vivre, mettant \u00e0 la retraite ou louant, notre \u00e9quipe d\u00e9di\u00e9e de professionnels s&rsquo;assurera que vous trouvez exactement ce que vous cherchez! Notre agence offre un large \u00e9ventail de propri\u00e9t\u00e9s \u00e0 vendre, garantissant les meilleurs accords sur le march\u00e9 en vous offrant un service de la plus haute qualit\u00e9.<\/p>\n<p style=\"text-align: center;\"><a href=\"https:\/\/realestatelasterrenas.com\/\" target=\"_blank\" rel=\"noopener noreferrer\"><b>Site Internet<\/b>: https:\/\/realestatelasterrenas.com<\/a><\/p>\n<p>[\/vc_column_text][vc_video link=\u00a0\u00bbhttps:\/\/www.youtube.com\/watch?v=T8C2ZPXzRVs\u00a0\u00bb][\/vc_column][vc_column width=\u00a0\u00bb1\/4&Prime; sticky_sidebar=\u00a0\u00bbyes\u00a0\u00bb css=\u00a0\u00bb.vc_custom_1574461598010{border-top-width: 1px !important;border-right-width: 1px !important;border-bottom-width: 1px !important;border-left-width: 1px !important;border-left-color: #ededed !important;border-left-style: solid !important;border-right-color: #ededed !important;border-right-style: solid !important;border-top-color: #ededed !important;border-top-style: solid !important;border-bottom-color: #ededed !important;border-bottom-style: solid !important;border-radius: 1px !important;}\u00a0\u00bb][vc_single_image image=\u00a0\u00bb49141&Prime; img_size=\u00a0\u00bbfull\u00a0\u00bb alignment=\u00a0\u00bbcenter\u00a0\u00bb][vc_btn title=\u00a0\u00bbFacebook\u00a0\u00bb style=\u00a0\u00bboutline-custom\u00a0\u00bb outline_custom_color=\u00a0\u00bb#1e73be\u00a0\u00bb outline_custom_hover_background=\u00a0\u00bb#1e73be\u00a0\u00bb outline_custom_hover_text=\u00a0\u00bb#ffffff\u00a0\u00bb align=\u00a0\u00bbcenter\u00a0\u00bb i_icon_fontawesome=\u00a0\u00bbfab fa-facebook-square\u00a0\u00bb button_block=\u00a0\u00bbtrue\u00a0\u00bb add_icon=\u00a0\u00bbtrue\u00a0\u00bb link=\u00a0\u00bburl:https%3A%2F%2Fweb.facebook.com%2Frealestatelasterrenasatlantiquesud%2F||target:%20_blank|\u00a0\u00bb][vc_btn title=\u00a0\u00bbInstagram\u00a0\u00bb style=\u00a0\u00bboutline-custom\u00a0\u00bb outline_custom_color=\u00a0\u00bb#c32aa3&Prime; outline_custom_hover_background=\u00a0\u00bb#c32aa3&Prime; outline_custom_hover_text=\u00a0\u00bb#ffffff\u00a0\u00bb align=\u00a0\u00bbcenter\u00a0\u00bb i_icon_fontawesome=\u00a0\u00bbfab fa-instagram\u00a0\u00bb button_block=\u00a0\u00bbtrue\u00a0\u00bb add_icon=\u00a0\u00bbtrue\u00a0\u00bb link=\u00a0\u00bburl:http%3A%2F%2Finstagram.com%2Freal_estate_las_terrenas||target:%20_blank|\u00a0\u00bb][vc_btn title=\u00a0\u00bbYoutube\u00a0\u00bb style=\u00a0\u00bboutline-custom\u00a0\u00bb outline_custom_color=\u00a0\u00bb#c4302b\u00a0\u00bb outline_custom_hover_background=\u00a0\u00bb#c4302b\u00a0\u00bb outline_custom_hover_text=\u00a0\u00bb#ffffff\u00a0\u00bb align=\u00a0\u00bbcenter\u00a0\u00bb i_icon_fontawesome=\u00a0\u00bbfab fa-youtube\u00a0\u00bb button_block=\u00a0\u00bbtrue\u00a0\u00bb add_icon=\u00a0\u00bbtrue\u00a0\u00bb link=\u00a0\u00bburl:https%3A%2F%2Fwww.youtube.com%2Fchannel%2FUCcR8yRyW6b8heOhm8z-AfGA||target:%20_blank|\u00a0\u00bb][vc_btn title=\u00a0\u00bbWebsite\u00a0\u00bb style=\u00a0\u00bboutline-custom\u00a0\u00bb outline_custom_color=\u00a0\u00bb#81d742&Prime; outline_custom_hover_background=\u00a0\u00bb#81d742&Prime; outline_custom_hover_text=\u00a0\u00bb#ffffff\u00a0\u00bb align=\u00a0\u00bbcenter\u00a0\u00bb i_icon_fontawesome=\u00a0\u00bbfas fa-globe\u00a0\u00bb button_block=\u00a0\u00bbtrue\u00a0\u00bb add_icon=\u00a0\u00bbtrue\u00a0\u00bb link=\u00a0\u00bburl:https%3A%2F%2Frealestatelasterrenas.com%2F||target:%20_blank|\u00a0\u00bb][vc_text_separator title=\u00a0\u00bb\u00a0\u00bb i_icon_fontawesome=\u00a0\u00bbfa fa-id-card-o\u00a0\u00bb i_color=\u00a0\u00bbsandy_brown\u00a0\u00bb style=\u00a0\u00bbshadow\u00a0\u00bb border_width=\u00a0\u00bb5&Prime; add_icon=\u00a0\u00bbtrue\u00a0\u00bb][vc_column_text]<\/p>\n<p style=\"text-align: center;\">updates@realestatelasterrenas.com<\/p>\n<p style=\"text-align: center;\"><strong>Tels.:<\/strong><\/p>\n<p style=\"text-align: center;\">(+1) 809 240 5040 &#8211; <strong>Bureau<\/strong><\/p>\n<p style=\"text-align: center;\">(+1) 829 324 6035 &#8211; <strong>Flotte<br \/>\n<\/strong><span style=\"font-size: 10pt;\"><em>(WhatsApp)<\/em><\/span><\/p>\n<p>[\/vc_column_text][vc_text_separator title=\u00a0\u00bb\u00a0\u00bb i_icon_fontawesome=\u00a0\u00bbfa fa-clock-o\u00a0\u00bb i_color=\u00a0\u00bbsandy_brown\u00a0\u00bb style=\u00a0\u00bbshadow\u00a0\u00bb border_width=\u00a0\u00bb5&Prime; add_icon=\u00a0\u00bbtrue\u00a0\u00bb][vc_column_text]<\/p>\n<p style=\"text-align: center;\"><b>Lundi:<br \/>\n<\/b>8h30 &#8211; 12h30 \/ 14h30 &#8211; 18h30<br \/>\n<b><br \/>\n<b>Mardi:<br \/>\n<\/b><\/b>8h30 &#8211; 12h30 \/ 14h30 &#8211; 18h30<b><br \/>\n<b><br \/>\nMercredi:<br \/>\n<\/b><\/b>8h30 &#8211; 12h30 \/ 14h30 &#8211; 18h30<b><br \/>\n<b><br \/>\nJeudi:<br \/>\n<\/b><\/b>8h30 &#8211; 12h30 \/ 14h30 &#8211; 18h30<br \/>\n<b><b><br \/>\nVendredi:<br \/>\n<\/b><\/b>8h30 &#8211; 12h30 \/ 14h30 &#8211; 18h30<b><br \/>\n<b><br \/>\nSamedi: <\/b><\/b>8h30 &#8211; 12h30<b><br \/>\n<b><br \/>\nDimanche: <\/b><\/b>Ferm\u00e9<\/p>\n<p>[\/vc_column_text][vc_gmaps link=\u00a0\u00bb#E-8_JTNDaWZyYW1lJTIwc3JjJTNEJTIyaHR0cHMlM0ElMkYlMkZ3d3cuZ29vZ2xlLmNvbSUyRm1hcHMlMkZlbWJlZCUzRnBiJTNEJTIxMW0xNCUyMTFtOCUyMTFtMyUyMTFkMTUwNjAuNDI2ODU2ODUxNjY1JTIxMmQtNjkuNTQwMDMxMSUyMTNkMTkuMzIxMTc1MSUyMTNtMiUyMTFpMTAyNCUyMTJpNzY4JTIxNGYxMy4xJTIxM20zJTIxMW0yJTIxMXMweDAlMjUzQTB4ZjRiZDQ4ZTBjOTdkOGExNyUyMTJzUmVhbCUyQkVzdGF0ZSUyQkxhcyUyQlRlcnJlbmFzJTJCYnklMkJBdGxhbnRpcXVlLVN1ZCUyMTVlMCUyMTNtMiUyMTFzZXMtNDE5JTIxMnNkbyUyMTR2MTU2MTU5MTg3MTM4NCUyMTVtMiUyMTFzZXMtNDE5JTIxMnNkbyUyMiUyMHdpZHRoJTNEJTIyMTAwJTI1JTIyJTIwaGVpZ2h0JTNEJTIyMjcyJTIyJTIwZnJhbWVib3JkZXIlM0QlMjIwJTIyJTIwc3R5bGUlM0QlMjJib3JkZXIlM0EwJTIyJTIwYWxsb3dmdWxsc2NyZWVuJTNFJTNDJTJGaWZyYW1lJTNF\u00a0\u00bb][\/vc_column][\/vc_row]<\/p>\n","protected":false},"excerpt":{"rendered":"<p>[vc_row][vc_column][vc_column_text] Atlantique Sud (Agence immobili\u00e8re) [\/vc_column_text][\/vc_column][\/vc_row][vc_row][vc_column width=\u00a0\u00bb3\/4&Prime;][vc_column_text] Bienvenue au portefeuille plus complet et \u00e0 jour de propri\u00e9t\u00e9s \u00e0 vendre \u00e0 Las Terrenas! [\/vc_column_text][vc_row_inner][vc_column_inner width=\u00a0\u00bb1\/2&Prime;][vc_single_image image=\u00a0\u00bb48980&Prime; img_size=\u00a0\u00bbfull\u00a0\u00bb alignment=\u00a0\u00bbcenter\u00a0\u00bb][\/vc_column_inner][vc_column_inner width=\u00a0\u00bb1\/2&Prime;][vc_column_text] Atlantique Sud, fond\u00e9e en 2000, est l\u2019une des premi\u00e8res et des plus grandes agences immobili\u00e8res de Las Terrenas. Depuis de nombreuses ann\u00e9es, elle s\u2019est d\u00e9velopp\u00e9e avec succ\u00e8s [&hellip;]<\/p>\n","protected":false},"author":1,"featured_media":37438,"parent":22284,"menu_order":0,"comment_status":"closed","ping_status":"closed","template":"","meta":{"site-sidebar-layout":"no-sidebar","site-content-layout":"plain-container","ast-site-content-layout":"normal-width-container","site-content-style":"unboxed","site-sidebar-style":"unboxed","ast-global-header-display":"","ast-banner-title-visibility":"","ast-main-header-display":"","ast-hfb-above-header-display":"","ast-hfb-below-header-display":"","ast-hfb-mobile-header-display":"","site-post-title":"disabled","ast-breadcrumbs-content":"","ast-featured-img":"disabled","footer-sml-layout":"","theme-transparent-header-meta":"default","adv-header-id-meta":"","stick-header-meta":"","header-above-stick-meta":"","header-main-stick-meta":"","header-below-stick-meta":"","astra-migrate-meta-layouts":"set","ast-page-background-enabled":"default","ast-page-background-meta":{"desktop":{"background-color":"","background-image":"","background-repeat":"repeat","background-position":"center center","background-size":"auto","background-attachment":"scroll","background-type":"","background-media":"","overlay-type":"","overlay-color":"","overlay-opacity":"","overlay-gradient":""},"tablet":{"background-color":"","background-image":"","background-repeat":"repeat","background-position":"center center","background-size":"auto","background-attachment":"scroll","background-type":"","background-media":"","overlay-type":"","overlay-color":"","overlay-opacity":"","overlay-gradient":""},"mobile":{"background-color":"","background-image":"","background-repeat":"repeat","background-position":"center center","background-size":"auto","background-attachment":"scroll","background-type":"","background-media":"","overlay-type":"","overlay-color":"","overlay-opacity":"","overlay-gradient":""}},"ast-content-background-meta":{"desktop":{"background-color":"var(--ast-global-color-5)","background-image":"","background-repeat":"repeat","background-position":"center center","background-size":"auto","background-attachment":"scroll","background-type":"","background-media":"","overlay-type":"","overlay-color":"","overlay-opacity":"","overlay-gradient":""},"tablet":{"background-color":"var(--ast-global-color-5)","background-image":"","background-repeat":"repeat","background-position":"center center","background-size":"auto","background-attachment":"scroll","background-type":"","background-media":"","overlay-type":"","overlay-color":"","overlay-opacity":"","overlay-gradient":""},"mobile":{"background-color":"var(--ast-global-color-5)","background-image":"","background-repeat":"repeat","background-position":"center center","background-size":"auto","background-attachment":"scroll","background-type":"","background-media":"","overlay-type":"","overlay-color":"","overlay-opacity":"","overlay-gradient":""}},"footnotes":""},"class_list":["post-26101","page","type-page","status-publish","has-post-thumbnail","hentry"],"yoast_head":"<!-- This site is optimized with the Yoast SEO plugin v19.9 - https:\/\/yoast.com\/wordpress\/plugins\/seo\/ -->\n<title>Atlantique Sud : des agents comp\u00e9tents &bull; Las Terrenas &bull; Saman\u00e0 &bull; RD<\/title>\n<meta name=\"description\" content=\"Atlantique Sud est une agence immobili\u00e8re face \u00e0 la plazce Beach Garden, Las Terrenas, fond\u00e9e en 2000, une des premi\u00e8re et plus grande agence.\" \/>\n<meta name=\"robots\" content=\"index, follow, max-snippet:-1, max-image-preview:large, max-video-preview:-1\" \/>\n<link rel=\"canonical\" href=\"https:\/\/keloke-samana.com\/fr\/inmobiliaria\/atlantique-sud\/\" \/>\n<meta property=\"og:locale\" content=\"fr_FR\" \/>\n<meta property=\"og:type\" content=\"article\" \/>\n<meta property=\"og:title\" content=\"Atlantique Sud : des agents comp\u00e9tents &bull; Las Terrenas &bull; Saman\u00e0 &bull; RD\" \/>\n<meta property=\"og:description\" content=\"Atlantique Sud est une agence immobili\u00e8re face \u00e0 la plazce Beach Garden, Las Terrenas, fond\u00e9e en 2000, une des premi\u00e8re et plus grande agence.\" \/>\n<meta property=\"og:url\" content=\"https:\/\/keloke-samana.com\/fr\/inmobiliaria\/atlantique-sud\/\" \/>\n<meta property=\"og:site_name\" content=\"Keloke Saman\u00e0, Las Terrenas\" \/>\n<meta property=\"article:modified_time\" content=\"2024-11-29T16:59:44+00:00\" \/>\n<meta property=\"og:image\" content=\"https:\/\/keloke-samana.com\/wp-content\/uploads\/2021\/06\/Presentacion-Atlantique-Sud.jpg\" \/>\n\t<meta property=\"og:image:width\" content=\"1024\" \/>\n\t<meta property=\"og:image:height\" content=\"683\" \/>\n\t<meta property=\"og:image:type\" content=\"image\/jpeg\" \/>\n<meta name=\"twitter:card\" content=\"summary_large_image\" \/>\n<meta name=\"twitter:label1\" content=\"Dur\u00e9e de lecture estim\u00e9e\" \/>\n\t<meta name=\"twitter:data1\" content=\"3 minutes\" \/>\n<script type=\"application\/ld+json\" class=\"yoast-schema-graph\">{\"@context\":\"https:\/\/schema.org\",\"@graph\":[{\"@type\":\"WebPage\",\"@id\":\"https:\/\/keloke-samana.com\/fr\/inmobiliaria\/atlantique-sud\/\",\"url\":\"https:\/\/keloke-samana.com\/fr\/inmobiliaria\/atlantique-sud\/\",\"name\":\"Atlantique Sud : des agents comp\u00e9tents &bull; Las Terrenas &bull; Saman\u00e0 &bull; RD\",\"isPartOf\":{\"@id\":\"https:\/\/keloke-samana.com\/#website\"},\"datePublished\":\"2020-02-07T21:01:10+00:00\",\"dateModified\":\"2024-11-29T16:59:44+00:00\",\"description\":\"Atlantique Sud est une agence immobili\u00e8re face \u00e0 la plazce Beach Garden, Las Terrenas, fond\u00e9e en 2000, une des premi\u00e8re et plus grande agence.\",\"breadcrumb\":{\"@id\":\"https:\/\/keloke-samana.com\/fr\/inmobiliaria\/atlantique-sud\/#breadcrumb\"},\"inLanguage\":\"fr-FR\",\"potentialAction\":[{\"@type\":\"ReadAction\",\"target\":[\"https:\/\/keloke-samana.com\/fr\/inmobiliaria\/atlantique-sud\/\"]}]},{\"@type\":\"BreadcrumbList\",\"@id\":\"https:\/\/keloke-samana.com\/fr\/inmobiliaria\/atlantique-sud\/#breadcrumb\",\"itemListElement\":[{\"@type\":\"ListItem\",\"position\":1,\"name\":\"Portada\",\"item\":\"https:\/\/keloke-samana.com\/fr\/inicio\/\"},{\"@type\":\"ListItem\",\"position\":2,\"name\":\"Immobilier\",\"item\":\"https:\/\/keloke-samana.com\/fr\/inmobiliaria\/\"},{\"@type\":\"ListItem\",\"position\":3,\"name\":\"Atlantique Sud\"}]},{\"@type\":\"WebSite\",\"@id\":\"https:\/\/keloke-samana.com\/#website\",\"url\":\"https:\/\/keloke-samana.com\/\",\"name\":\"Keloke Saman\u00e0, Las Terrenas\",\"description\":\"Pa&#039; que me vean, y me vea bien !!\",\"publisher\":{\"@id\":\"https:\/\/keloke-samana.com\/#organization\"},\"potentialAction\":[{\"@type\":\"SearchAction\",\"target\":{\"@type\":\"EntryPoint\",\"urlTemplate\":\"https:\/\/keloke-samana.com\/?s={search_term_string}\"},\"query-input\":\"required name=search_term_string\"}],\"inLanguage\":\"fr-FR\"},{\"@type\":\"Organization\",\"@id\":\"https:\/\/keloke-samana.com\/#organization\",\"name\":\"Keloke Samana\",\"url\":\"https:\/\/keloke-samana.com\/\",\"logo\":{\"@type\":\"ImageObject\",\"inLanguage\":\"fr-FR\",\"@id\":\"https:\/\/keloke-samana.com\/#\/schema\/logo\/image\/\",\"url\":\"https:\/\/keloke-samana.com\/wp-content\/uploads\/2019\/06\/cropped-cropped-Logo-keloke.png\",\"contentUrl\":\"https:\/\/keloke-samana.com\/wp-content\/uploads\/2019\/06\/cropped-cropped-Logo-keloke.png\",\"width\":512,\"height\":512,\"caption\":\"Keloke Samana\"},\"image\":{\"@id\":\"https:\/\/keloke-samana.com\/#\/schema\/logo\/image\/\"}}]}<\/script>\n<!-- \/ Yoast SEO plugin. -->","yoast_head_json":{"title":"Atlantique Sud : des agents comp\u00e9tents &bull; Las Terrenas &bull; Saman\u00e0 &bull; RD","description":"Atlantique Sud est une agence immobili\u00e8re face \u00e0 la plazce Beach Garden, Las Terrenas, fond\u00e9e en 2000, une des premi\u00e8re et plus grande agence.","robots":{"index":"index","follow":"follow","max-snippet":"max-snippet:-1","max-image-preview":"max-image-preview:large","max-video-preview":"max-video-preview:-1"},"canonical":"https:\/\/keloke-samana.com\/fr\/inmobiliaria\/atlantique-sud\/","og_locale":"fr_FR","og_type":"article","og_title":"Atlantique Sud : des agents comp\u00e9tents &bull; Las Terrenas &bull; Saman\u00e0 &bull; RD","og_description":"Atlantique Sud est une agence immobili\u00e8re face \u00e0 la plazce Beach Garden, Las Terrenas, fond\u00e9e en 2000, une des premi\u00e8re et plus grande agence.","og_url":"https:\/\/keloke-samana.com\/fr\/inmobiliaria\/atlantique-sud\/","og_site_name":"Keloke Saman\u00e0, Las Terrenas","article_modified_time":"2024-11-29T16:59:44+00:00","og_image":[{"width":1024,"height":683,"url":"https:\/\/keloke-samana.com\/wp-content\/uploads\/2021\/06\/Presentacion-Atlantique-Sud.jpg","type":"image\/jpeg"}],"twitter_card":"summary_large_image","twitter_misc":{"Dur\u00e9e de lecture estim\u00e9e":"3 minutes"},"schema":{"@context":"https:\/\/schema.org","@graph":[{"@type":"WebPage","@id":"https:\/\/keloke-samana.com\/fr\/inmobiliaria\/atlantique-sud\/","url":"https:\/\/keloke-samana.com\/fr\/inmobiliaria\/atlantique-sud\/","name":"Atlantique Sud : des agents comp\u00e9tents &bull; Las Terrenas &bull; Saman\u00e0 &bull; RD","isPartOf":{"@id":"https:\/\/keloke-samana.com\/#website"},"datePublished":"2020-02-07T21:01:10+00:00","dateModified":"2024-11-29T16:59:44+00:00","description":"Atlantique Sud est une agence immobili\u00e8re face \u00e0 la plazce Beach Garden, Las Terrenas, fond\u00e9e en 2000, une des premi\u00e8re et plus grande agence.","breadcrumb":{"@id":"https:\/\/keloke-samana.com\/fr\/inmobiliaria\/atlantique-sud\/#breadcrumb"},"inLanguage":"fr-FR","potentialAction":[{"@type":"ReadAction","target":["https:\/\/keloke-samana.com\/fr\/inmobiliaria\/atlantique-sud\/"]}]},{"@type":"BreadcrumbList","@id":"https:\/\/keloke-samana.com\/fr\/inmobiliaria\/atlantique-sud\/#breadcrumb","itemListElement":[{"@type":"ListItem","position":1,"name":"Portada","item":"https:\/\/keloke-samana.com\/fr\/inicio\/"},{"@type":"ListItem","position":2,"name":"Immobilier","item":"https:\/\/keloke-samana.com\/fr\/inmobiliaria\/"},{"@type":"ListItem","position":3,"name":"Atlantique Sud"}]},{"@type":"WebSite","@id":"https:\/\/keloke-samana.com\/#website","url":"https:\/\/keloke-samana.com\/","name":"Keloke Saman\u00e0, Las Terrenas","description":"Pa&#039; que me vean, y me vea bien !!","publisher":{"@id":"https:\/\/keloke-samana.com\/#organization"},"potentialAction":[{"@type":"SearchAction","target":{"@type":"EntryPoint","urlTemplate":"https:\/\/keloke-samana.com\/?s={search_term_string}"},"query-input":"required name=search_term_string"}],"inLanguage":"fr-FR"},{"@type":"Organization","@id":"https:\/\/keloke-samana.com\/#organization","name":"Keloke Samana","url":"https:\/\/keloke-samana.com\/","logo":{"@type":"ImageObject","inLanguage":"fr-FR","@id":"https:\/\/keloke-samana.com\/#\/schema\/logo\/image\/","url":"https:\/\/keloke-samana.com\/wp-content\/uploads\/2019\/06\/cropped-cropped-Logo-keloke.png","contentUrl":"https:\/\/keloke-samana.com\/wp-content\/uploads\/2019\/06\/cropped-cropped-Logo-keloke.png","width":512,"height":512,"caption":"Keloke Samana"},"image":{"@id":"https:\/\/keloke-samana.com\/#\/schema\/logo\/image\/"}}]}},"jetpack_sharing_enabled":true,"_links":{"self":[{"href":"https:\/\/keloke-samana.com\/fr\/wp-json\/wp\/v2\/pages\/26101","targetHints":{"allow":["GET"]}}],"collection":[{"href":"https:\/\/keloke-samana.com\/fr\/wp-json\/wp\/v2\/pages"}],"about":[{"href":"https:\/\/keloke-samana.com\/fr\/wp-json\/wp\/v2\/types\/page"}],"author":[{"embeddable":true,"href":"https:\/\/keloke-samana.com\/fr\/wp-json\/wp\/v2\/users\/1"}],"replies":[{"embeddable":true,"href":"https:\/\/keloke-samana.com\/fr\/wp-json\/wp\/v2\/comments?post=26101"}],"version-history":[{"count":1,"href":"https:\/\/keloke-samana.com\/fr\/wp-json\/wp\/v2\/pages\/26101\/revisions"}],"predecessor-version":[{"id":62968,"href":"https:\/\/keloke-samana.com\/fr\/wp-json\/wp\/v2\/pages\/26101\/revisions\/62968"}],"up":[{"embeddable":true,"href":"https:\/\/keloke-samana.com\/fr\/wp-json\/wp\/v2\/pages\/22284"}],"wp:featuredmedia":[{"embeddable":true,"href":"https:\/\/keloke-samana.com\/fr\/wp-json\/wp\/v2\/media\/37438"}],"wp:attachment":[{"href":"https:\/\/keloke-samana.com\/fr\/wp-json\/wp\/v2\/media?parent=26101"}],"curies":[{"name":"wp","href":"https:\/\/api.w.org\/{rel}","templated":true}]}}